{"id":6691,"date":"2022-03-01T12:40:20","date_gmt":"2022-03-01T09:40:20","guid":{"rendered":"https:\/\/demo.goodlayers.com\/attorna\/?page_id=6691"},"modified":"2022-04-21T02:56:39","modified_gmt":"2022-04-20T23:56:39","slug":"corporate-law","status":"publish","type":"page","link":"https:\/\/elifyilmaz.av.tr\/en\/corporate-law\/","title":{"rendered":"Corporate Law"},"content":{"rendered":"","protected":false},"excerpt":{"rendered":"","protected":false},"author":1,"featured_media":0,"parent":0,"menu_order":0,"comment_status":"closed","ping_status":"closed","template":"","meta":{"footnotes":""},"class_list":["post-6691","page","type-page","status-publish","hentry"],"yoast_head":"<!-- This site is optimized with the Yoast SEO plugin v27.4 - https:\/\/yoast.com\/product\/yoast-seo-wordpress\/ -->\n<title>What is Corporate Law - Ba\u011fc\u0131lar Corporate Legal Consultancy<\/title>\n<meta name=\"description\" content=\"What is Corporate Law, You can get support from Elif Y\u0131lmaz Law Firm for Corporate Legal Consultancy services.\" \/>\n<meta name=\"robots\" content=\"index, follow, max-snippet:-1, max-image-preview:large, max-video-preview:-1\" \/>\n<link rel=\"canonical\" href=\"https:\/\/elifyilmaz.av.tr\/en\/corporate-law\/\" \/>\n<meta property=\"og:locale\" content=\"tr_TR\" \/>\n<meta property=\"og:type\" content=\"article\" \/>\n<meta property=\"og:title\" content=\"What is Corporate Law - Ba\u011fc\u0131lar Corporate Legal Consultancy\" \/>\n<meta property=\"og:description\" content=\"What is Corporate Law, You can get support from Elif Y\u0131lmaz Law Firm for Corporate Legal Consultancy services.\" \/>\n<meta property=\"og:url\" content=\"https:\/\/elifyilmaz.av.tr\/en\/corporate-law\/\" \/>\n<meta property=\"article:modified_time\" content=\"2022-04-20T23:56:39+00:00\" \/>\n<meta name=\"twitter:card\" content=\"summary_large_image\" \/>\n<script type=\"application\/ld+json\" class=\"yoast-schema-graph\">{\"@context\":\"https:\\\/\\\/schema.org\",\"@graph\":[{\"@type\":\"WebPage\",\"@id\":\"https:\\\/\\\/elifyilmaz.av.tr\\\/en\\\/corporate-law\\\/\",\"url\":\"https:\\\/\\\/elifyilmaz.av.tr\\\/en\\\/corporate-law\\\/\",\"name\":\"What is Corporate Law - Ba\u011fc\u0131lar Corporate Legal Consultancy\",\"isPartOf\":{\"@id\":\"https:\\\/\\\/elifyilmaz.av.tr\\\/en\\\/#website\"},\"datePublished\":\"2022-03-01T09:40:20+00:00\",\"dateModified\":\"2022-04-20T23:56:39+00:00\",\"description\":\"What is Corporate Law, You can get support from Elif Y\u0131lmaz Law Firm for Corporate Legal Consultancy services.\",\"breadcrumb\":{\"@id\":\"https:\\\/\\\/elifyilmaz.av.tr\\\/en\\\/corporate-law\\\/#breadcrumb\"},\"inLanguage\":\"tr\",\"potentialAction\":[{\"@type\":\"ReadAction\",\"target\":[\"https:\\\/\\\/elifyilmaz.av.tr\\\/en\\\/corporate-law\\\/\"]}]},{\"@type\":\"BreadcrumbList\",\"@id\":\"https:\\\/\\\/elifyilmaz.av.tr\\\/en\\\/corporate-law\\\/#breadcrumb\",\"itemListElement\":[{\"@type\":\"ListItem\",\"position\":1,\"name\":\"Anasayfa\",\"item\":\"https:\\\/\\\/elifyilmaz.av.tr\\\/en\\\/\"},{\"@type\":\"ListItem\",\"position\":2,\"name\":\"Corporate Law\"}]},{\"@type\":\"WebSite\",\"@id\":\"https:\\\/\\\/elifyilmaz.av.tr\\\/en\\\/#website\",\"url\":\"https:\\\/\\\/elifyilmaz.av.tr\\\/en\\\/\",\"name\":\"\",\"description\":\"\",\"potentialAction\":[{\"@type\":\"SearchAction\",\"target\":{\"@type\":\"EntryPoint\",\"urlTemplate\":\"https:\\\/\\\/elifyilmaz.av.tr\\\/en\\\/?s={search_term_string}\"},\"query-input\":{\"@type\":\"PropertyValueSpecification\",\"valueRequired\":true,\"valueName\":\"search_term_string\"}}],\"inLanguage\":\"tr\"}]}<\/script>\n<!-- \/ Yoast SEO plugin. -->","yoast_head_json":{"title":"What is Corporate Law - Ba\u011fc\u0131lar Corporate Legal Consultancy","description":"What is Corporate Law, You can get support from Elif Y\u0131lmaz Law Firm for Corporate Legal Consultancy services.","robots":{"index":"index","follow":"follow","max-snippet":"max-snippet:-1","max-image-preview":"max-image-preview:large","max-video-preview":"max-video-preview:-1"},"canonical":"https:\/\/elifyilmaz.av.tr\/en\/corporate-law\/","og_locale":"tr_TR","og_type":"article","og_title":"What is Corporate Law - Ba\u011fc\u0131lar Corporate Legal Consultancy","og_description":"What is Corporate Law, You can get support from Elif Y\u0131lmaz Law Firm for Corporate Legal Consultancy services.","og_url":"https:\/\/elifyilmaz.av.tr\/en\/corporate-law\/","article_modified_time":"2022-04-20T23:56:39+00:00","twitter_card":"summary_large_image","schema":{"@context":"https:\/\/schema.org","@graph":[{"@type":"WebPage","@id":"https:\/\/elifyilmaz.av.tr\/en\/corporate-law\/","url":"https:\/\/elifyilmaz.av.tr\/en\/corporate-law\/","name":"What is Corporate Law - Ba\u011fc\u0131lar Corporate Legal Consultancy","isPartOf":{"@id":"https:\/\/elifyilmaz.av.tr\/en\/#website"},"datePublished":"2022-03-01T09:40:20+00:00","dateModified":"2022-04-20T23:56:39+00:00","description":"What is Corporate Law, You can get support from Elif Y\u0131lmaz Law Firm for Corporate Legal Consultancy services.","breadcrumb":{"@id":"https:\/\/elifyilmaz.av.tr\/en\/corporate-law\/#breadcrumb"},"inLanguage":"tr","potentialAction":[{"@type":"ReadAction","target":["https:\/\/elifyilmaz.av.tr\/en\/corporate-law\/"]}]},{"@type":"BreadcrumbList","@id":"https:\/\/elifyilmaz.av.tr\/en\/corporate-law\/#breadcrumb","itemListElement":[{"@type":"ListItem","position":1,"name":"Anasayfa","item":"https:\/\/elifyilmaz.av.tr\/en\/"},{"@type":"ListItem","position":2,"name":"Corporate Law"}]},{"@type":"WebSite","@id":"https:\/\/elifyilmaz.av.tr\/en\/#website","url":"https:\/\/elifyilmaz.av.tr\/en\/","name":"","description":"","potentialAction":[{"@type":"SearchAction","target":{"@type":"EntryPoint","urlTemplate":"https:\/\/elifyilmaz.av.tr\/en\/?s={search_term_string}"},"query-input":{"@type":"PropertyValueSpecification","valueRequired":true,"valueName":"search_term_string"}}],"inLanguage":"tr"}]}},"_links":{"self":[{"href":"https:\/\/elifyilmaz.av.tr\/en\/wp-json\/wp\/v2\/pages\/6691","targetHints":{"allow":["GET"]}}],"collection":[{"href":"https:\/\/elifyilmaz.av.tr\/en\/wp-json\/wp\/v2\/pages"}],"about":[{"href":"https:\/\/elifyilmaz.av.tr\/en\/wp-json\/wp\/v2\/types\/page"}],"author":[{"embeddable":true,"href":"https:\/\/elifyilmaz.av.tr\/en\/wp-json\/wp\/v2\/users\/1"}],"replies":[{"embeddable":true,"href":"https:\/\/elifyilmaz.av.tr\/en\/wp-json\/wp\/v2\/comments?post=6691"}],"version-history":[{"count":5,"href":"https:\/\/elifyilmaz.av.tr\/en\/wp-json\/wp\/v2\/pages\/6691\/revisions"}],"predecessor-version":[{"id":29426,"href":"https:\/\/elifyilmaz.av.tr\/en\/wp-json\/wp\/v2\/pages\/6691\/revisions\/29426"}],"wp:attachment":[{"href":"https:\/\/elifyilmaz.av.tr\/en\/wp-json\/wp\/v2\/media?parent=6691"}],"curies":[{"name":"wp","href":"https:\/\/api.w.org\/{rel}","templated":true}]}}