{"id":5910,"date":"2022-02-23T08:26:15","date_gmt":"2022-02-23T05:26:15","guid":{"rendered":"https:\/\/demo.goodlayers.com\/attorna\/?page_id=5910"},"modified":"2022-04-21T03:01:21","modified_gmt":"2022-04-21T00:01:21","slug":"homepage-2","status":"publish","type":"page","link":"https:\/\/elifyilmaz.av.tr\/en\/","title":{"rendered":"Homepage"},"content":{"rendered":"","protected":false},"excerpt":{"rendered":"","protected":false},"author":1,"featured_media":0,"parent":0,"menu_order":0,"comment_status":"closed","ping_status":"closed","template":"","meta":{"footnotes":""},"class_list":["post-5910","page","type-page","status-publish","hentry"],"yoast_head":"<!-- This site is optimized with the Yoast SEO plugin v27.4 - https:\/\/yoast.com\/product\/yoast-seo-wordpress\/ -->\n<title>Lawyer Elif Y\u0131lmaz- Elif Y\u0131lmaz Law - Elif Y\u0131lmaz Mediation Services<\/title>\n<meta name=\"description\" content=\"Attorney Elif Y\u0131lmaz Legal Consultancy, Elif Y\u0131lmaz Mediation Services, Elif Y\u0131lmaz Lawyer Services Ba\u011fc\u0131lar Divorce Lawyer\" \/>\n<meta name=\"robots\" content=\"index, follow, max-snippet:-1, max-image-preview:large, max-video-preview:-1\" \/>\n<link rel=\"canonical\" href=\"https:\/\/elifyilmaz.av.tr\/en\/\" \/>\n<meta property=\"og:locale\" content=\"tr_TR\" \/>\n<meta property=\"og:type\" content=\"article\" \/>\n<meta property=\"og:title\" content=\"Lawyer Elif Y\u0131lmaz- Elif Y\u0131lmaz Law - Elif Y\u0131lmaz Mediation Services\" \/>\n<meta property=\"og:description\" content=\"Attorney Elif Y\u0131lmaz Legal Consultancy, Elif Y\u0131lmaz Mediation Services, Elif Y\u0131lmaz Lawyer Services Ba\u011fc\u0131lar Divorce Lawyer\" \/>\n<meta property=\"og:url\" content=\"https:\/\/elifyilmaz.av.tr\/en\/\" \/>\n<meta property=\"article:modified_time\" content=\"2022-04-21T00:01:21+00:00\" \/>\n<meta name=\"twitter:card\" content=\"summary_large_image\" \/>\n<script type=\"application\/ld+json\" class=\"yoast-schema-graph\">{\"@context\":\"https:\\\/\\\/schema.org\",\"@graph\":[{\"@type\":\"WebPage\",\"@id\":\"https:\\\/\\\/elifyilmaz.av.tr\\\/en\\\/\",\"url\":\"https:\\\/\\\/elifyilmaz.av.tr\\\/en\\\/\",\"name\":\"Lawyer Elif Y\u0131lmaz- Elif Y\u0131lmaz Law - Elif Y\u0131lmaz Mediation Services\",\"isPartOf\":{\"@id\":\"https:\\\/\\\/elifyilmaz.av.tr\\\/en\\\/#website\"},\"datePublished\":\"2022-02-23T05:26:15+00:00\",\"dateModified\":\"2022-04-21T00:01:21+00:00\",\"description\":\"Attorney Elif Y\u0131lmaz Legal Consultancy, Elif Y\u0131lmaz Mediation Services, Elif Y\u0131lmaz Lawyer Services Ba\u011fc\u0131lar Divorce Lawyer\",\"breadcrumb\":{\"@id\":\"https:\\\/\\\/elifyilmaz.av.tr\\\/en\\\/#breadcrumb\"},\"inLanguage\":\"tr\",\"potentialAction\":[{\"@type\":\"ReadAction\",\"target\":[\"https:\\\/\\\/elifyilmaz.av.tr\\\/en\\\/\"]}]},{\"@type\":\"BreadcrumbList\",\"@id\":\"https:\\\/\\\/elifyilmaz.av.tr\\\/en\\\/#breadcrumb\",\"itemListElement\":[{\"@type\":\"ListItem\",\"position\":1,\"name\":\"Anasayfa\",\"item\":\"https:\\\/\\\/elifyilmaz.av.tr\\\/en\\\/\"},{\"@type\":\"ListItem\",\"position\":2,\"name\":\"Homepage\"}]},{\"@type\":\"WebSite\",\"@id\":\"https:\\\/\\\/elifyilmaz.av.tr\\\/en\\\/#website\",\"url\":\"https:\\\/\\\/elifyilmaz.av.tr\\\/en\\\/\",\"name\":\"\",\"description\":\"\",\"potentialAction\":[{\"@type\":\"SearchAction\",\"target\":{\"@type\":\"EntryPoint\",\"urlTemplate\":\"https:\\\/\\\/elifyilmaz.av.tr\\\/en\\\/?s={search_term_string}\"},\"query-input\":{\"@type\":\"PropertyValueSpecification\",\"valueRequired\":true,\"valueName\":\"search_term_string\"}}],\"inLanguage\":\"tr\"}]}<\/script>\n<!-- \/ Yoast SEO plugin. -->","yoast_head_json":{"title":"Lawyer Elif Y\u0131lmaz- Elif Y\u0131lmaz Law - Elif Y\u0131lmaz Mediation Services","description":"Attorney Elif Y\u0131lmaz Legal Consultancy, Elif Y\u0131lmaz Mediation Services, Elif Y\u0131lmaz Lawyer Services Ba\u011fc\u0131lar Divorce Lawyer","robots":{"index":"index","follow":"follow","max-snippet":"max-snippet:-1","max-image-preview":"max-image-preview:large","max-video-preview":"max-video-preview:-1"},"canonical":"https:\/\/elifyilmaz.av.tr\/en\/","og_locale":"tr_TR","og_type":"article","og_title":"Lawyer Elif Y\u0131lmaz- Elif Y\u0131lmaz Law - Elif Y\u0131lmaz Mediation Services","og_description":"Attorney Elif Y\u0131lmaz Legal Consultancy, Elif Y\u0131lmaz Mediation Services, Elif Y\u0131lmaz Lawyer Services Ba\u011fc\u0131lar Divorce Lawyer","og_url":"https:\/\/elifyilmaz.av.tr\/en\/","article_modified_time":"2022-04-21T00:01:21+00:00","twitter_card":"summary_large_image","schema":{"@context":"https:\/\/schema.org","@graph":[{"@type":"WebPage","@id":"https:\/\/elifyilmaz.av.tr\/en\/","url":"https:\/\/elifyilmaz.av.tr\/en\/","name":"Lawyer Elif Y\u0131lmaz- Elif Y\u0131lmaz Law - Elif Y\u0131lmaz Mediation Services","isPartOf":{"@id":"https:\/\/elifyilmaz.av.tr\/en\/#website"},"datePublished":"2022-02-23T05:26:15+00:00","dateModified":"2022-04-21T00:01:21+00:00","description":"Attorney Elif Y\u0131lmaz Legal Consultancy, Elif Y\u0131lmaz Mediation Services, Elif Y\u0131lmaz Lawyer Services Ba\u011fc\u0131lar Divorce Lawyer","breadcrumb":{"@id":"https:\/\/elifyilmaz.av.tr\/en\/#breadcrumb"},"inLanguage":"tr","potentialAction":[{"@type":"ReadAction","target":["https:\/\/elifyilmaz.av.tr\/en\/"]}]},{"@type":"BreadcrumbList","@id":"https:\/\/elifyilmaz.av.tr\/en\/#breadcrumb","itemListElement":[{"@type":"ListItem","position":1,"name":"Anasayfa","item":"https:\/\/elifyilmaz.av.tr\/en\/"},{"@type":"ListItem","position":2,"name":"Homepage"}]},{"@type":"WebSite","@id":"https:\/\/elifyilmaz.av.tr\/en\/#website","url":"https:\/\/elifyilmaz.av.tr\/en\/","name":"","description":"","potentialAction":[{"@type":"SearchAction","target":{"@type":"EntryPoint","urlTemplate":"https:\/\/elifyilmaz.av.tr\/en\/?s={search_term_string}"},"query-input":{"@type":"PropertyValueSpecification","valueRequired":true,"valueName":"search_term_string"}}],"inLanguage":"tr"}]}},"_links":{"self":[{"href":"https:\/\/elifyilmaz.av.tr\/en\/wp-json\/wp\/v2\/pages\/5910","targetHints":{"allow":["GET"]}}],"collection":[{"href":"https:\/\/elifyilmaz.av.tr\/en\/wp-json\/wp\/v2\/pages"}],"about":[{"href":"https:\/\/elifyilmaz.av.tr\/en\/wp-json\/wp\/v2\/types\/page"}],"author":[{"embeddable":true,"href":"https:\/\/elifyilmaz.av.tr\/en\/wp-json\/wp\/v2\/users\/1"}],"replies":[{"embeddable":true,"href":"https:\/\/elifyilmaz.av.tr\/en\/wp-json\/wp\/v2\/comments?post=5910"}],"version-history":[{"count":5,"href":"https:\/\/elifyilmaz.av.tr\/en\/wp-json\/wp\/v2\/pages\/5910\/revisions"}],"predecessor-version":[{"id":29428,"href":"https:\/\/elifyilmaz.av.tr\/en\/wp-json\/wp\/v2\/pages\/5910\/revisions\/29428"}],"wp:attachment":[{"href":"https:\/\/elifyilmaz.av.tr\/en\/wp-json\/wp\/v2\/media?parent=5910"}],"curies":[{"name":"wp","href":"https:\/\/api.w.org\/{rel}","templated":true}]}}