{"id":5861,"date":"2022-02-22T06:42:45","date_gmt":"2022-02-22T03:42:45","guid":{"rendered":"https:\/\/demo.goodlayers.com\/attorna\/?page_id=5861"},"modified":"2022-04-21T02:43:51","modified_gmt":"2022-04-20T23:43:51","slug":"team","status":"publish","type":"page","link":"https:\/\/elifyilmaz.av.tr\/en\/team\/","title":{"rendered":"Our Team"},"content":{"rendered":"","protected":false},"excerpt":{"rendered":"","protected":false},"author":1,"featured_media":0,"parent":0,"menu_order":0,"comment_status":"closed","ping_status":"closed","template":"","meta":{"footnotes":""},"class_list":["post-5861","page","type-page","status-publish","hentry"],"yoast_head":"<!-- This site is optimized with the Yoast SEO plugin v27.4 - https:\/\/yoast.com\/product\/yoast-seo-wordpress\/ -->\n<title>Our Team - Elif Y\u0131lmaz Legal and Consultancy Services<\/title>\n<meta name=\"description\" content=\"Click here to reach Elif Y\u0131lmaz Lawyers and Consulting Services, Elif Y\u0131lmaz&#039;s mediation services page.\" \/>\n<meta name=\"robots\" content=\"index, follow, max-snippet:-1, max-image-preview:large, max-video-preview:-1\" \/>\n<link rel=\"canonical\" href=\"https:\/\/elifyilmaz.av.tr\/en\/team\/\" \/>\n<meta property=\"og:locale\" content=\"tr_TR\" \/>\n<meta property=\"og:type\" content=\"article\" \/>\n<meta property=\"og:title\" content=\"Our Team - Elif Y\u0131lmaz Legal and Consultancy Services\" \/>\n<meta property=\"og:description\" content=\"Click here to reach Elif Y\u0131lmaz Lawyers and Consulting Services, Elif Y\u0131lmaz&#039;s mediation services page.\" \/>\n<meta property=\"og:url\" content=\"https:\/\/elifyilmaz.av.tr\/en\/team\/\" \/>\n<meta property=\"article:modified_time\" content=\"2022-04-20T23:43:51+00:00\" \/>\n<meta name=\"twitter:card\" content=\"summary_large_image\" \/>\n<script type=\"application\/ld+json\" class=\"yoast-schema-graph\">{\"@context\":\"https:\\\/\\\/schema.org\",\"@graph\":[{\"@type\":\"WebPage\",\"@id\":\"https:\\\/\\\/elifyilmaz.av.tr\\\/en\\\/team\\\/\",\"url\":\"https:\\\/\\\/elifyilmaz.av.tr\\\/en\\\/team\\\/\",\"name\":\"Our Team - Elif Y\u0131lmaz Legal and Consultancy Services\",\"isPartOf\":{\"@id\":\"https:\\\/\\\/elifyilmaz.av.tr\\\/en\\\/#website\"},\"datePublished\":\"2022-02-22T03:42:45+00:00\",\"dateModified\":\"2022-04-20T23:43:51+00:00\",\"description\":\"Click here to reach Elif Y\u0131lmaz Lawyers and Consulting Services, Elif Y\u0131lmaz's mediation services page.\",\"breadcrumb\":{\"@id\":\"https:\\\/\\\/elifyilmaz.av.tr\\\/en\\\/team\\\/#breadcrumb\"},\"inLanguage\":\"tr\",\"potentialAction\":[{\"@type\":\"ReadAction\",\"target\":[\"https:\\\/\\\/elifyilmaz.av.tr\\\/en\\\/team\\\/\"]}]},{\"@type\":\"BreadcrumbList\",\"@id\":\"https:\\\/\\\/elifyilmaz.av.tr\\\/en\\\/team\\\/#breadcrumb\",\"itemListElement\":[{\"@type\":\"ListItem\",\"position\":1,\"name\":\"Anasayfa\",\"item\":\"https:\\\/\\\/elifyilmaz.av.tr\\\/en\\\/\"},{\"@type\":\"ListItem\",\"position\":2,\"name\":\"Our Team\"}]},{\"@type\":\"WebSite\",\"@id\":\"https:\\\/\\\/elifyilmaz.av.tr\\\/en\\\/#website\",\"url\":\"https:\\\/\\\/elifyilmaz.av.tr\\\/en\\\/\",\"name\":\"\",\"description\":\"\",\"potentialAction\":[{\"@type\":\"SearchAction\",\"target\":{\"@type\":\"EntryPoint\",\"urlTemplate\":\"https:\\\/\\\/elifyilmaz.av.tr\\\/en\\\/?s={search_term_string}\"},\"query-input\":{\"@type\":\"PropertyValueSpecification\",\"valueRequired\":true,\"valueName\":\"search_term_string\"}}],\"inLanguage\":\"tr\"}]}<\/script>\n<!-- \/ Yoast SEO plugin. -->","yoast_head_json":{"title":"Our Team - Elif Y\u0131lmaz Legal and Consultancy Services","description":"Click here to reach Elif Y\u0131lmaz Lawyers and Consulting Services, Elif Y\u0131lmaz's mediation services page.","robots":{"index":"index","follow":"follow","max-snippet":"max-snippet:-1","max-image-preview":"max-image-preview:large","max-video-preview":"max-video-preview:-1"},"canonical":"https:\/\/elifyilmaz.av.tr\/en\/team\/","og_locale":"tr_TR","og_type":"article","og_title":"Our Team - Elif Y\u0131lmaz Legal and Consultancy Services","og_description":"Click here to reach Elif Y\u0131lmaz Lawyers and Consulting Services, Elif Y\u0131lmaz's mediation services page.","og_url":"https:\/\/elifyilmaz.av.tr\/en\/team\/","article_modified_time":"2022-04-20T23:43:51+00:00","twitter_card":"summary_large_image","schema":{"@context":"https:\/\/schema.org","@graph":[{"@type":"WebPage","@id":"https:\/\/elifyilmaz.av.tr\/en\/team\/","url":"https:\/\/elifyilmaz.av.tr\/en\/team\/","name":"Our Team - Elif Y\u0131lmaz Legal and Consultancy Services","isPartOf":{"@id":"https:\/\/elifyilmaz.av.tr\/en\/#website"},"datePublished":"2022-02-22T03:42:45+00:00","dateModified":"2022-04-20T23:43:51+00:00","description":"Click here to reach Elif Y\u0131lmaz Lawyers and Consulting Services, Elif Y\u0131lmaz's mediation services page.","breadcrumb":{"@id":"https:\/\/elifyilmaz.av.tr\/en\/team\/#breadcrumb"},"inLanguage":"tr","potentialAction":[{"@type":"ReadAction","target":["https:\/\/elifyilmaz.av.tr\/en\/team\/"]}]},{"@type":"BreadcrumbList","@id":"https:\/\/elifyilmaz.av.tr\/en\/team\/#breadcrumb","itemListElement":[{"@type":"ListItem","position":1,"name":"Anasayfa","item":"https:\/\/elifyilmaz.av.tr\/en\/"},{"@type":"ListItem","position":2,"name":"Our Team"}]},{"@type":"WebSite","@id":"https:\/\/elifyilmaz.av.tr\/en\/#website","url":"https:\/\/elifyilmaz.av.tr\/en\/","name":"","description":"","potentialAction":[{"@type":"SearchAction","target":{"@type":"EntryPoint","urlTemplate":"https:\/\/elifyilmaz.av.tr\/en\/?s={search_term_string}"},"query-input":{"@type":"PropertyValueSpecification","valueRequired":true,"valueName":"search_term_string"}}],"inLanguage":"tr"}]}},"_links":{"self":[{"href":"https:\/\/elifyilmaz.av.tr\/en\/wp-json\/wp\/v2\/pages\/5861","targetHints":{"allow":["GET"]}}],"collection":[{"href":"https:\/\/elifyilmaz.av.tr\/en\/wp-json\/wp\/v2\/pages"}],"about":[{"href":"https:\/\/elifyilmaz.av.tr\/en\/wp-json\/wp\/v2\/types\/page"}],"author":[{"embeddable":true,"href":"https:\/\/elifyilmaz.av.tr\/en\/wp-json\/wp\/v2\/users\/1"}],"replies":[{"embeddable":true,"href":"https:\/\/elifyilmaz.av.tr\/en\/wp-json\/wp\/v2\/comments?post=5861"}],"version-history":[{"count":6,"href":"https:\/\/elifyilmaz.av.tr\/en\/wp-json\/wp\/v2\/pages\/5861\/revisions"}],"predecessor-version":[{"id":29423,"href":"https:\/\/elifyilmaz.av.tr\/en\/wp-json\/wp\/v2\/pages\/5861\/revisions\/29423"}],"wp:attachment":[{"href":"https:\/\/elifyilmaz.av.tr\/en\/wp-json\/wp\/v2\/media?parent=5861"}],"curies":[{"name":"wp","href":"https:\/\/api.w.org\/{rel}","templated":true}]}}